{"id":348,"date":"2024-03-26T15:46:42","date_gmt":"2024-03-26T18:46:42","guid":{"rendered":"https:\/\/www.encontracampinagrande.com.br\/noticias\/?page_id=348"},"modified":"2025-09-26T13:45:19","modified_gmt":"2025-09-26T16:45:19","slug":"sobre-campina-grande","status":"publish","type":"page","link":"https:\/\/www.encontracampinagrande.com.br\/sobre\/","title":{"rendered":"Sobre Campina Grande"},"content":{"rendered":"<div class=\"b89f950780fb4e4d64d40062a6f17959\" data-index=\"1\" style=\"float: none; margin:0px;\">\n<!-- Anuncio display - global -->\r\n<ins class=\"adsbygoogle\"\r\n     style=\"display:block\"\r\n     data-ad-client=\"ca-pub-8585364105181520\"\r\n     data-ad-slot=\"8789329856\"\r\n     data-ad-format=\"auto\"\r\n     data-full-width-responsive=\"true\"><\/ins>\r\n<script>\r\n     (adsbygoogle = window.adsbygoogle || []).push({});\r\n<\/script>\n<\/div>\n<p><span class=\"style4\">Campina Grande<\/span> \u00e9 um munic\u00edpio brasileiro situado no estado da Para\u00edba.<br \/>\n\u00c9 considerada um dos principais polos industriais da Regi\u00e3o Nordeste e o maior p\u00f3lo tecnol\u00f3gico da Am\u00e9rica Latina, segundo a revista norte americana Newsweek. Campina Grande foi fundada em 1\u00ba de dezembro de 1697, tendo sido elevada \u00e0 categoria de cidade em 11 de outubro de 1864.<\/p>\n<p>A cidade possui uma agenda cultural variada, destacando-se os festejos de S\u00e3o Jo\u00e3o, que acontecem durante todo o m\u00eas de junho, a extinta Micarande, um dos mais tradicionais carnavais fora de \u00e9poca do pa\u00eds. Durante o carnaval, o Encontro para a Consci\u00eancia Crist\u00e3 &#8211; um dos maiores congressos de apologia crist\u00e3 do mundo e o Encontro da Nova Consci\u00eancia &#8211; um encontro ecum\u00eanico. H\u00e1 ainda o Festival de Inverno e outras dezenas de eventos.<\/p>\n<p>De acordo com estimativas de 2010, sua popula\u00e7\u00e3o \u00e9 de 385,276 habitantes, sendo a segunda cidade mais populosa da Para\u00edba, depois da capital. Campina Grande foi indicada pelo jornal a Gazeta Mercantil, como a cidade mais din\u00e2mica do nordeste e 6\u00aa cidade mais din\u00e2mica do Brasil.<\/p>\n<p>A cidade tem o segundo maior PIB entre os munic\u00edpios para\u00edbanos, representando 13,63% do total das riquezas produzidas na Para\u00edba. Uma evid\u00eancia do desenvolvimento da cidade nos \u00faltimos tempos \u00e9 o ranking da revista Voc\u00ea S\/A, no qual Campina Grande aparece como uma das 10 melhores cidades para se trabalhar e fazer carreira do Brasil, \u00fanica cidade do interior entre as capitais escolhidas no pa\u00eds.<\/p>\n<p>Campina Grande tamb\u00e9m \u00e9 conhecida como cidade universit\u00e1ria, pois conta com 16 universidades, tr\u00eas delas p\u00fablicas, sendo assim proporcionalmente \u00e9 a cidade com mais universidades no Brasil. \u00c9 comum estudantes do Nordeste e de todo o Brasil virem morar no munic\u00edpio para estudar nas universidades locais. Al\u00e9m de ensino superior, o munic\u00edpio oferece capacita\u00e7\u00e3o para o n\u00edvel m\u00e9dio e t\u00e9cnico.<\/p>\n<p class=\"style4\">A cidade<\/p>\n<p>Em 11 de outubro de 1864, de acordo com a Lei Provincial n\u00ba 137, Campina Grande se eleva \u00e0 categoria de cidade. Neste momento, a Para\u00edba tinha dezesseis vilas e mais seis cidades: Parahyba (atual Jo\u00e3o Pessoa), Mamanguape, Areia, Sousa e Pombal.<\/p>\n<p>A cidade de Areia, que se tornou munic\u00edpio j\u00e1 em 1846, havia se tornado a mais destacada da Para\u00edba, fora a capital, tanto econ\u00f4mica, social e politicamente. Al\u00e9m disso, Areia tinha grande influ\u00eancia cultural e intelectual. Embora <a title=\"Campina Grande\" href=\"https:\/\/www.encontracampinagrande.com.br\">Campina Grande<\/a> n\u00e3o fosse t\u00e3o bem edificada quanto Areia, n\u00e3o era menor que ela. Na \u00e9poca, o munic\u00edpio de Campina Grande tinha tr\u00eas largos, quatro ruas e cerca de trezentas casas. Possu\u00eda, ainda, duas igrejas: a da Matriz (hoje a Catedral) e a Igreja Nossa Senhora do Ros\u00e1rio, que veio a ser destru\u00edda mais tarde pela <a href=\"https:\/\/www.prefeituradecampinagrande.org\/\" target=\"_blank\" rel=\"noopener\">prefeitura de Campina Grande<\/a> no mandato de Vergniaud Wanderley (hoje existe outra igreja com o mesmo nome). Possu\u00eda tamb\u00e9m uma cadeia e uma C\u00e2mara Municipal, entre outras constru\u00e7\u00f5es.<\/p>\n<p>Apesar de todo o desenvolvimento comercial que a cidade obteve, o aspecto urbano da mesma n\u00e3o mudava praticamente nada. Em alguns anos, apenas os pr\u00e9dios da Cadeia Nova, da Casa de Caridade, do Gr\u00eamio de Instru\u00e7\u00e3o e o Pa\u00e7o Municipal foram constru\u00eddos. Por\u00e9m,se tratando de casas, muitas foram constru\u00eddas fazendo com que, no fim do s\u00e9culo XIX, Campina Grande tivesse cerca de 500 casas.<\/p>\n<p>No ano de 1864 foi constru\u00eddo um pr\u00e9dio onde se faria o mercado. Este lugar teve v\u00e1rios nomes, dentre os quais &#8220;Largo do Com\u00e9rcio Novo&#8221;, &#8220;Pra\u00e7a da Uruguaiana&#8221;, &#8220;Pra\u00e7a das Gameleiras&#8221;, &#8220;Pra\u00e7a da Independ\u00eancia&#8221; e, por fim, &#8220;Pra\u00e7a Epit\u00e1cio Pessoa&#8221;. Em 1870 uma lei (Lei Provincial n\u00ba 381) proibia que se fizessem banhos ou lavagem de roupas e de animais no A\u00e7ude Novo, assim como ficou proibido vaquejadas nas ruas da cidade. Em 1872, conforme o Decreto Imperial do dia 18 de setembro de 1865, faz padr\u00e3o o sistema m\u00e9trico decimal franc\u00eas em Campina Grande.<\/p>\n<p class=\"style4\">Economia<\/p>\n<p>De acordo com estimativa do IBGE do ano de 2004, o PIB de Campina Grande foi de 2,442 bilh\u00f5es de reais (0,16% do PIB nacional). Logo, houve um crescimento de 27,8 % entre os PIB dos anos de 2002 (1,6 bi) e 2004. Em 2004, Campina Grande se mostrou uma das cinco cidades com maior PIB do interior do Nordeste, que foram: Feira de Santana &#8211; BA (4,721 bi), Campina Grande &#8211; PB (3,098 bi), Ilh\u00e9us &#8211; BA (1,706 bi), Arapiraca &#8211; AL e Petrolina &#8211; PE (1,932). Neste ano, o setor industrial apresentou um bom desempenho, principalmente em vestu\u00e1rio e cal\u00e7ados.<\/p>\n<p>As principais atividades econ\u00f4micas do munic\u00edpio de Campina Grande s\u00e3o: extra\u00e7\u00e3o mineral; de beneficiamento e de desenvolvimento de software; com\u00e9rcio varejista,culturas agr\u00edcolas; pecu\u00e1ria; ind\u00fastrias de transforma\u00e7\u00e3o, atacadista e servi\u00e7os. O munic\u00edpio \u00e9 grande produtor de software para exporta\u00e7\u00e3o.<\/p>\n<p>A posi\u00e7\u00e3o privilegiada de Campina Grande contribui para que seja um centro distribuidor e receptor de mat\u00e9ria-prima e m\u00e3o-de-obra de v\u00e1rios estados. Campina Grande tem grande proximidade com tr\u00eas capitais brasileiras: Natal, Jo\u00e3o Pessoa e Recife. Al\u00e9m disso, dentro do pr\u00f3prio estado, situa-se no cruzamento entre a BR-230 e a BR-104.<\/p>\n<p class=\"style4\">Turismo e lazer<\/p>\n<p>Herdeira da cultura nordestina, a <a title=\"cidade de Campina Grande\" href=\"https:\/\/www.encontracampinagrande.com.br\">cidade de Campina Grande<\/a> luta por manter vivo o rico patrim\u00f4nio representado pelas manifesta\u00e7\u00f5es culturais e populares dessa regi\u00e3o. A quadrilha junina, o pastoril, as dan\u00e7as folcl\u00f3ricas, o artesanato, etc., s\u00e3o alguns exemplos de manifesta\u00e7\u00f5es da cultura popular que ainda encontram lugar na cidade.<\/p>\n<p>Historicamente, Campina Grande teve, e continua tendo, papel destacado como polo disseminador da arte dos mais destacados artistas arraigados na cultura popular nordestina, a exemplo dos &#8220;cantadores de viola&#8221;, &#8220;emboladores de coco&#8221;, poetas populares em geral. Especialmente na m\u00fasica, \u00e9 ineg\u00e1vel a import\u00e2ncia desta cidade na divulga\u00e7\u00e3o de artistas do quilate de Luiz Gonzaga, Rosil Cavalcante, Jackson do Pandeiro, Z\u00e9 Calixto, dentre muitos, e at\u00e9 pelo surgimento de outros tantos como Marin\u00eas, Elba Ramalho, etc.<\/p>\n<p>Eventos como &#8220;O Maior S\u00e3o Jo\u00e3o do Mundo&#8221;, Festival de Violeiros, &#8220;Canta Nordeste&#8221;, as vaquejadas que se realizam na cidade, al\u00e9m de programa\u00e7\u00f5es espec\u00edficas das emissoras de r\u00e1dio campinenses, contribuem fortemente para a preserva\u00e7\u00e3o da cultura regional.<\/p>\n<p>Para homenagear a comunidade de moradores desta maravilhosa cidade, o <a title=\"Encontra Para\u00edba\" href=\"https:\/\/www.encontragoias.com.br\" target=\"_blank\" rel=\"noopener\">Encontra Para\u00edba<\/a> criou o <a title=\"Encontra Campina Grande\" href=\"https:\/\/www.encontracampinagrande.com.br\" target=\"_blank\" rel=\"noopener\">Encontra Campina Grande<\/a>.<\/p>\n<h2 class=\"sidebar-title\">Limites &#8211; Cidades Vizinhas<\/h2>\n<div id=\"txt1miolo\">\n<p>Lagoa Seca, Massaranduba, Pocinhos, Puxinan\u00e3, Boqueir\u00e3o, Caturit\u00e9, Fagundes, Queimadas, Riach\u00e3o do Bacamarte e Boa Vista.<\/p>\n<\/div>\n<div id=\"txt3\">\n<h4>Dados Principais sobre Campina Grande<\/h4>\n<div style=\"padding-left: 10px; line-height: 150%;\"><span class=\"style6\">Anivers\u00e1rio:<\/span> 11 de outubro<br \/>\n<span class=\"style6\">Funda\u00e7\u00e3o :<\/span> 1697<br \/>\n<span class=\"style6\">Gent\u00edlico:<\/span> Campinense<br \/>\n<span class=\"style6\">Area:<\/span> 620,628<br \/>\nKm\u00b2<br \/>\n<span class=\"style6\">Popula\u00e7\u00e3o<\/span> 387,643 hab. (2011)<br \/>\n<span class=\"style6\">IDH<\/span> 0,721 &#8211; m\u00e9dio<br \/>\n<span class=\"style6\">Prefeitura <\/span>Campina Grande<\/div>\n<\/div>\n<div id=\"txt3\">\n<div align=\"center\"><img loading=\"lazy\" decoding=\"async\" title=\"Bras\u00e3o de Campina Grande\" src=\"https:\/\/www.encontracampinagrande.com.br\/imgs\/imagens-campina-grande\/brasao-de-campina-grande.jpg\" alt=\"Bras\u00e3o de Campina Grande\" width=\"104\" height=\"119\" \/><\/div>\n<div align=\"center\"><span class=\"style8\">Bras\u00e3o de Campina Grande <\/span><\/div>\n<p align=\"center\"><img loading=\"lazy\" decoding=\"async\" title=\"Bandeira de Campina Grande\" src=\"https:\/\/www.encontracampinagrande.com.br\/imgs\/imagens-campina-grande\/bandeira-de-campina-grande.jpg\" alt=\"Bandeira de Campina Grande\" width=\"145\" height=\"93\" \/><br \/>\n<span class=\"style8\">Bandeira de Campina Grande<\/span><\/p>\n<\/div>\n\n<div style=\"font-size: 0px; height: 0px; line-height: 0px; margin: 0; padding: 0; clear: both;\"><\/div>","protected":false},"excerpt":{"rendered":"<p>Campina Grande \u00e9 um munic\u00edpio brasileiro situado no estado da Para\u00edba. \u00c9 considerada um dos principais polos industriais da Regi\u00e3o Nordeste e o maior p\u00f3lo tecnol\u00f3gico da Am\u00e9rica Latina, segundo a revista norte americana Newsweek. Campina Grande foi fundada em 1\u00ba de dezembro de 1697, tendo sido elevada \u00e0 categoria de cidade em 11 de outubro de 1864. A cidade possui uma agenda cultural variada, destacando-se os festejos de S\u00e3o Jo\u00e3o, que acontecem durante todo o m\u00eas de junho, a extinta Micarande, um dos mais tradicionais carnavais fora de \u00e9poca do pa\u00eds. Durante o carnaval, o Encontro para a Consci\u00eancia <\/p>\n","protected":false},"author":1,"featured_media":0,"parent":0,"menu_order":0,"comment_status":"closed","ping_status":"closed","template":"","meta":{"footnotes":""},"class_list":["post-348","page","type-page","status-publish","hentry"],"aioseo_notices":[],"_links":{"self":[{"href":"https:\/\/www.encontracampinagrande.com.br\/sobre\/wp-json\/wp\/v2\/pages\/348","targetHints":{"allow":["GET"]}}],"collection":[{"href":"https:\/\/www.encontracampinagrande.com.br\/sobre\/wp-json\/wp\/v2\/pages"}],"about":[{"href":"https:\/\/www.encontracampinagrande.com.br\/sobre\/wp-json\/wp\/v2\/types\/page"}],"author":[{"embeddable":true,"href":"https:\/\/www.encontracampinagrande.com.br\/sobre\/wp-json\/wp\/v2\/users\/1"}],"replies":[{"embeddable":true,"href":"https:\/\/www.encontracampinagrande.com.br\/sobre\/wp-json\/wp\/v2\/comments?post=348"}],"version-history":[{"count":0,"href":"https:\/\/www.encontracampinagrande.com.br\/sobre\/wp-json\/wp\/v2\/pages\/348\/revisions"}],"wp:attachment":[{"href":"https:\/\/www.encontracampinagrande.com.br\/sobre\/wp-json\/wp\/v2\/media?parent=348"}],"curies":[{"name":"wp","href":"https:\/\/api.w.org\/{rel}","templated":true}]}}